{"id":115,"date":"2022-08-18T12:36:53","date_gmt":"2022-08-18T09:36:53","guid":{"rendered":"https:\/\/kelioniukai.lt\/?post_type=product&#038;p=115"},"modified":"2026-04-21T08:51:22","modified_gmt":"2026-04-21T05:51:22","slug":"kelioniniai-buteliukai-skysciams","status":"publish","type":"product","link":"https:\/\/kelioniukai.lt\/en\/parduotuve\/kelioniniai-buteliukai-skysciams\/","title":{"rendered":"Travel bottles 89 ml"},"content":{"rendered":"<p>Tinkamas supilti savo pam\u0117gt\u0105 \u0161amp\u016bn\u0105 ar krem\u0105, patogiai mink\u0161tas, lengvai spaud\u017eiamas su hermetiniu kam\u0161teliu. Pritaikytas temperat\u016bros ir sl\u0117gio kaitai, lengvai pastebimas.\u012evairi\u0173 spalv\u0173.<\/p>\n<p>Pagamintas i\u0161 silikono.<\/p>","protected":false},"excerpt":{"rendered":"<div id=\"leftCol\" class=\"a-section burj\">\n<div id=\"featurebullets_feature_div\" class=\"feature\">\n<div id=\"fbSection\" class=\"a-section a-spacing-medium\">\n<div id=\"feature-bullets\" class=\"a-section collapsedFeatureBullets showAllFeatureBullets\">\n<div id=\"fbExpandableSection\" class=\"a-section a-spacing-none\">\n<div id=\"fbExpandableSectionContent\" class=\"a-section a-spacing-none\">\n<h6><span style=\"color: #008000;\"><strong> You can squeeze every last bit out of them, but they are also perfect for stuff you don&#8217;t squeeze!<\/strong><\/span><\/h6>\n<p>&nbsp;<\/p>\n<ul class=\"a-vertical a-spacing-none\">\n<li class=\"showHiddenFeatureBullets\"><strong><span class=\"a-list-item\">A PLEASURE TO OWN AND USE enjoy a soft luxurious feel in your hand and years of reliable use<\/span><\/strong><\/li>\n<li class=\"showHiddenFeatureBullets\"><strong><span class=\"a-list-item\">SAVE TIME AT A TSA CHECKPOINT pack your personal care products in a clear TSA approved toiletry bag<\/span><\/strong><\/li>\n<li class=\"showHiddenFeatureBullets\"><strong><span class=\"a-list-item\">USE THEM WITH CONFIDENCE the cap is designed to prevent leaks so your belongings are safe<\/span><\/strong><\/li>\n<li class=\"showHiddenFeatureBullets\"><strong><span class=\"a-list-item\">FEEL AT HOME NO MATTER WHERE YOU ARE fill &#8217;em up with your favorite beauty products or food items<\/span><\/strong><\/li>\n<\/ul>\n<\/div>\n<\/div>\n<\/div>\n<\/div>\n<div id=\"featureBulletsPlaceholder\" class=\"a-section expandableFBSectionPlaceholder\"><strong>\u00a0<\/strong><\/div>\n<\/div>\n<\/div>\n<div id=\"rpd\" class=\"a-section a-spacing-none burj\"><\/div>\n<div id=\"messages\" class=\"a-section a-spacing-none burj\"><\/div>\n<div id=\"hqp-bottom\" class=\"a-section burj\"><\/div>\n<div id=\"sims-fbt\" class=\"bucket\"><\/div>\n<p>&nbsp;<\/p>\n<p>&nbsp;<\/p>\n<p>*TSA approved BDA free<\/p>\n","protected":false},"featured_media":14823,"comment_status":"open","ping_status":"closed","template":"","meta":{"googlesitekit_rrm_CAowmbu7DA:productID":""},"product_brand":[],"product_cat":[213,7,37,671,32,63],"product_tag":[827,518,1307,519],"class_list":{"0":"post-115","1":"product","2":"type-product","3":"status-publish","4":"has-post-thumbnail","6":"product_cat-keliones","7":"product_cat-kelionei","8":"product_cat-rankinis-bagazas","9":"product_cat-rekomenduojame","10":"product_cat-sampunai","11":"product_cat-svarbus-priedai","12":"product_tag-buteliukai-100ml","13":"product_tag-kelioniniai-buteliukai","14":"product_tag-silikono-buteliukai-kelionei","15":"product_tag-travel-bottle","17":"first","18":"instock","19":"featured","20":"shipping-taxable","21":"purchasable","22":"product-type-variable","23":"has-default-attributes"},"_links":{"self":[{"href":"https:\/\/kelioniukai.lt\/en\/wp-json\/wp\/v2\/product\/115","targetHints":{"allow":["GET"]}}],"collection":[{"href":"https:\/\/kelioniukai.lt\/en\/wp-json\/wp\/v2\/product"}],"about":[{"href":"https:\/\/kelioniukai.lt\/en\/wp-json\/wp\/v2\/types\/product"}],"replies":[{"embeddable":true,"href":"https:\/\/kelioniukai.lt\/en\/wp-json\/wp\/v2\/comments?post=115"}],"wp:featuredmedia":[{"embeddable":true,"href":"https:\/\/kelioniukai.lt\/en\/wp-json\/wp\/v2\/media\/14823"}],"wp:attachment":[{"href":"https:\/\/kelioniukai.lt\/en\/wp-json\/wp\/v2\/media?parent=115"}],"wp:term":[{"taxonomy":"product_brand","embeddable":true,"href":"https:\/\/kelioniukai.lt\/en\/wp-json\/wp\/v2\/product_brand?post=115"},{"taxonomy":"product_cat","embeddable":true,"href":"https:\/\/kelioniukai.lt\/en\/wp-json\/wp\/v2\/product_cat?post=115"},{"taxonomy":"product_tag","embeddable":true,"href":"https:\/\/kelioniukai.lt\/en\/wp-json\/wp\/v2\/product_tag?post=115"}],"curies":[{"name":"wp","href":"https:\/\/api.w.org\/{rel}","templated":true}]}}