{"id":48,"date":"2016-06-09T05:54:44","date_gmt":"2016-06-09T02:54:44","guid":{"rendered":"https:\/\/kelioniukai.lt\/?page_id=48"},"modified":"2023-01-24T13:36:33","modified_gmt":"2023-01-24T11:36:33","slug":"rankinis-bagazas","status":"publish","type":"page","link":"https:\/\/kelioniukai.lt\/en\/","title":{"rendered":"Luggage accessories"},"content":{"rendered":"<h2 class=\"wp-block-heading is-layout-flow wp-block-group-is-layout-flow\">News<\/h2>\r\n<\/div><\/div>\r\n\r\n\r\n<div data-block-name=\"woocommerce\/product-new\" data-columns=\"5\" data-rows=\"1\" class=\"wc-block-grid wp-block-product-new wp-block-woocommerce-product-new wc-block-product-new has-5-columns\"><ul class=\"wc-block-grid__products\"><li class=\"wc-block-grid__product\">\n\t\t\t\t<a href=\"https:\/\/kelioniukai.lt\/en\/parduotuve\/kelioninis-batu-krepsys-su-tinkleliu\/\" class=\"wc-block-grid__product-link\">\n\t\t\t\t\t\n\t\t\t\t\t<div class=\"wc-block-grid__product-image\"><img decoding=\"async\" width=\"160\" height=\"160\" src=\"https:\/\/kelioniukai.lt\/wp-content\/uploads\/2026\/04\/Prekes-BUM-11-160x160.jpeg\" loading=\"lazy\" class=\"attachment-woocommerce_thumbnail size-woocommerce_thumbnail\" alt=\"Kelioninis batu krepsys\" srcset=\"https:\/\/kelioniukai.lt\/wp-content\/uploads\/2026\/04\/Prekes-BUM-11-160x160.jpeg 160w, https:\/\/kelioniukai.lt\/wp-content\/uploads\/2026\/04\/Prekes-BUM-11-300x300.jpeg 300w, https:\/\/kelioniukai.lt\/wp-content\/uploads\/2026\/04\/Prekes-BUM-11-1024x1024.jpeg 1024w, https:\/\/kelioniukai.lt\/wp-content\/uploads\/2026\/04\/Prekes-BUM-11-768x768.jpeg 768w, https:\/\/kelioniukai.lt\/wp-content\/uploads\/2026\/04\/Prekes-BUM-11-480x480.jpeg 480w, https:\/\/kelioniukai.lt\/wp-content\/uploads\/2026\/04\/Prekes-BUM-11-80x80.jpeg 80w, https:\/\/kelioniukai.lt\/wp-content\/uploads\/2026\/04\/Prekes-BUM-11.jpeg 1200w\" sizes=\"auto, (max-width: 160px) 100vw, 160px\"><\/div>\n\t\t\t\t\t<div class=\"wc-block-grid__product-title\">Travel Shoe Bag with Mesh<\/div>\n\t\t\t\t<\/a>\n\t\t\t\t<div class=\"wc-block-grid__product-price price\"><span class=\"woocommerce-Price-amount amount\">11,00<span class=\"woocommerce-Price-currencySymbol\">\u20ac<\/span><\/span><\/div>\n\t\t\t\t\n\t\t\t\t<div class=\"wp-block-button wc-block-grid__product-add-to-cart\"><a href=\"\/en\/wp-json\/wp\/v2\/pages\/48?add-to-cart=28148\" aria-label=\"Add to cart: \u201cTravel Shoe Bag with Mesh\u201d\" data-quantity=\"1\" data-product_id=\"28148\" data-product_sku=\"HTB\" data-price=\"11\" rel=\"nofollow\" class=\"wp-block-button__link  add_to_cart_button ajax_add_to_cart\">Add to cart<\/a><\/div><div class=\"tinv-wraper woocommerce tinv-wishlist tinvwl-after-add-to-cart tinvwl-loop-button-wrapper tinvwl-woocommerce_blocks_product_grid_item_html\" data-tinvwl_product_id=\"28148\">\r\n\t<div class=\"tinv-wishlist-clear\"><\/div><a role=\"button\" tabindex=\"0\" name=\"prideti-prie-dominanciu\" aria-label=\"Prid\u0117ti prie dominan\u010di\u0173\" class=\"tinvwl_add_to_wishlist_button tinvwl-icon-heart  tinvwl-position-after tinvwl-loop\" data-tinv-wl-list=\"[]\" data-tinv-wl-product=\"28148\" data-tinv-wl-productvariation=\"0\" data-tinv-wl-productvariations=\"[]\" data-tinv-wl-producttype=\"simple\" data-tinv-wl-action=\"add\"><span class=\"tinvwl_add_to_wishlist-text\">Prid\u0117ti prie dominan\u010di\u0173<\/span><\/a><div class=\"tinv-wishlist-clear\"><\/div>\t\t<div class=\"tinvwl-tooltip\">Prid\u0117ti prie dominan\u010di\u0173<\/div>\r\n<\/div>\n\t\t\t<\/li><li class=\"wc-block-grid__product\">\n\t\t\t\t<a href=\"https:\/\/kelioniukai.lt\/en\/parduotuve\/saugi-juosmens-pinigine\/\" class=\"wc-block-grid__product-link\">\n\t\t\t\t\t\n\t\t\t\t\t<div class=\"wc-block-grid__product-image\"><img decoding=\"async\" width=\"160\" height=\"160\" src=\"https:\/\/kelioniukai.lt\/wp-content\/uploads\/2026\/03\/Prekes-BUM-9-160x160.jpeg\" loading=\"lazy\" class=\"attachment-woocommerce_thumbnail size-woocommerce_thumbnail\" alt=\"Saugi juosmens pinigine\" srcset=\"https:\/\/kelioniukai.lt\/wp-content\/uploads\/2026\/03\/Prekes-BUM-9-160x160.jpeg 160w, https:\/\/kelioniukai.lt\/wp-content\/uploads\/2026\/03\/Prekes-BUM-9-300x300.jpeg 300w, https:\/\/kelioniukai.lt\/wp-content\/uploads\/2026\/03\/Prekes-BUM-9-480x480.jpeg 480w, https:\/\/kelioniukai.lt\/wp-content\/uploads\/2026\/03\/Prekes-BUM-9-80x80.jpeg 80w, https:\/\/kelioniukai.lt\/wp-content\/uploads\/2026\/03\/Prekes-BUM-9.jpeg 600w\" sizes=\"auto, (max-width: 160px) 100vw, 160px\"><\/div>\n\t\t\t\t\t<div class=\"wc-block-grid__product-title\">Travel Body Wallet<\/div>\n\t\t\t\t<\/a>\n\t\t\t\t<div class=\"wc-block-grid__product-price price\"><span class=\"woocommerce-Price-amount amount\" aria-hidden=\"true\">9,00<span class=\"woocommerce-Price-currencySymbol\">\u20ac<\/span><\/span> <span aria-hidden=\"true\">\u2013<\/span> <span class=\"woocommerce-Price-amount amount\" aria-hidden=\"true\">11,00<span class=\"woocommerce-Price-currencySymbol\">\u20ac<\/span><\/span><span class=\"screen-reader-text\">Price range: 9,00\u20ac through 11,00\u20ac<\/span><\/div>\n\t\t\t\t\n\t\t\t\t<div class=\"wp-block-button wc-block-grid__product-add-to-cart\"><a href=\"https:\/\/kelioniukai.lt\/en\/parduotuve\/saugi-juosmens-pinigine\/\" aria-label=\"Select options for \u201cTravel Body Wallet\u201d\" data-quantity=\"1\" data-product_id=\"28142\" data-product_sku=\"TBW\" data-price=\"9\" rel=\"nofollow\" class=\"wp-block-button__link  add_to_cart_button\">Select options<\/a><\/div><div class=\"tinv-wraper woocommerce tinv-wishlist tinvwl-after-add-to-cart tinvwl-loop-button-wrapper tinvwl-woocommerce_blocks_product_grid_item_html\" data-tinvwl_product_id=\"28142\">\r\n\t<div class=\"tinv-wishlist-clear\"><\/div><a role=\"button\" tabindex=\"0\" name=\"prideti-prie-dominanciu\" aria-label=\"Prid\u0117ti prie dominan\u010di\u0173\" class=\"tinvwl_add_to_wishlist_button tinvwl-icon-heart  tinvwl-position-after tinvwl-loop\" data-tinv-wl-list=\"[]\" data-tinv-wl-product=\"28142\" data-tinv-wl-productvariation=\"0\" data-tinv-wl-productvariations=\"[28144,28145,0]\" data-tinv-wl-producttype=\"variable\" data-tinv-wl-action=\"add\"><span class=\"tinvwl_add_to_wishlist-text\">Prid\u0117ti prie dominan\u010di\u0173<\/span><\/a><div class=\"tinv-wishlist-clear\"><\/div>\t\t<div class=\"tinvwl-tooltip\">Prid\u0117ti prie dominan\u010di\u0173<\/div>\r\n<\/div>\n\t\t\t<\/li><li class=\"wc-block-grid__product\">\n\t\t\t\t<a href=\"https:\/\/kelioniukai.lt\/en\/parduotuve\/juosmens-krepsys-targa-rfid\/\" class=\"wc-block-grid__product-link\">\n\t\t\t\t\t\n\t\t\t\t\t<div class=\"wc-block-grid__product-image\"><img decoding=\"async\" width=\"160\" height=\"160\" src=\"https:\/\/kelioniukai.lt\/wp-content\/uploads\/2026\/03\/Prekes-BUM-160x160.jpeg\" loading=\"lazy\" class=\"attachment-woocommerce_thumbnail size-woocommerce_thumbnail\" alt=\"juosmens krep\u0161ys Targa su RFID apsauga\" srcset=\"https:\/\/kelioniukai.lt\/wp-content\/uploads\/2026\/03\/Prekes-BUM-160x160.jpeg 160w, https:\/\/kelioniukai.lt\/wp-content\/uploads\/2026\/03\/Prekes-BUM-300x300.jpeg 300w, https:\/\/kelioniukai.lt\/wp-content\/uploads\/2026\/03\/Prekes-BUM-1024x1024.jpeg 1024w, https:\/\/kelioniukai.lt\/wp-content\/uploads\/2026\/03\/Prekes-BUM-768x768.jpeg 768w, https:\/\/kelioniukai.lt\/wp-content\/uploads\/2026\/03\/Prekes-BUM-480x480.jpeg 480w, https:\/\/kelioniukai.lt\/wp-content\/uploads\/2026\/03\/Prekes-BUM-80x80.jpeg 80w, https:\/\/kelioniukai.lt\/wp-content\/uploads\/2026\/03\/Prekes-BUM.jpeg 1200w\" sizes=\"auto, (max-width: 160px) 100vw, 160px\"><\/div>\n\t\t\t\t\t<div class=\"wc-block-grid__product-title\">BUM Bag with RFID<\/div>\n\t\t\t\t<\/a>\n\t\t\t\t<div class=\"wc-block-grid__product-price price\"><span class=\"woocommerce-Price-amount amount\">17,00<span class=\"woocommerce-Price-currencySymbol\">\u20ac<\/span><\/span><\/div>\n\t\t\t\t\n\t\t\t\t<div class=\"wp-block-button wc-block-grid__product-add-to-cart\"><a href=\"https:\/\/kelioniukai.lt\/en\/parduotuve\/juosmens-krepsys-targa-rfid\/\" aria-label=\"Select options for \u201cBUM Bag with RFID\u201d\" data-quantity=\"1\" data-product_id=\"28134\" data-product_sku=\"TAH\" data-price=\"17\" rel=\"nofollow\" class=\"wp-block-button__link  add_to_cart_button\">Select options<\/a><\/div><div class=\"tinv-wraper woocommerce tinv-wishlist tinvwl-after-add-to-cart tinvwl-loop-button-wrapper tinvwl-woocommerce_blocks_product_grid_item_html\" data-tinvwl_product_id=\"28134\">\r\n\t<div class=\"tinv-wishlist-clear\"><\/div><a role=\"button\" tabindex=\"0\" name=\"prideti-prie-dominanciu\" aria-label=\"Prid\u0117ti prie dominan\u010di\u0173\" class=\"tinvwl_add_to_wishlist_button tinvwl-icon-heart  tinvwl-position-after tinvwl-loop\" data-tinv-wl-list=\"[]\" data-tinv-wl-product=\"28134\" data-tinv-wl-productvariation=\"0\" data-tinv-wl-productvariations=\"[28135,28136,0]\" data-tinv-wl-producttype=\"variable\" data-tinv-wl-action=\"add\"><span class=\"tinvwl_add_to_wishlist-text\">Prid\u0117ti prie dominan\u010di\u0173<\/span><\/a><div class=\"tinv-wishlist-clear\"><\/div>\t\t<div class=\"tinvwl-tooltip\">Prid\u0117ti prie dominan\u010di\u0173<\/div>\r\n<\/div>\n\t\t\t<\/li><li class=\"wc-block-grid__product\">\n\t\t\t\t<a href=\"https:\/\/kelioniukai.lt\/en\/parduotuve\/nesiojamas-ikroviklis-su-integruota-usb-c\/\" class=\"wc-block-grid__product-link\">\n\t\t\t\t\t\n\t\t\t\t\t<div class=\"wc-block-grid__product-image\"><img decoding=\"async\" width=\"160\" height=\"160\" src=\"https:\/\/kelioniukai.lt\/wp-content\/uploads\/2026\/02\/PREKES-02-7-160x160.jpeg\" loading=\"lazy\" class=\"attachment-woocommerce_thumbnail size-woocommerce_thumbnail\" alt=\"Nesiojamas powerbank baterija\" srcset=\"https:\/\/kelioniukai.lt\/wp-content\/uploads\/2026\/02\/PREKES-02-7-160x160.jpeg 160w, https:\/\/kelioniukai.lt\/wp-content\/uploads\/2026\/02\/PREKES-02-7-300x300.jpeg 300w, https:\/\/kelioniukai.lt\/wp-content\/uploads\/2026\/02\/PREKES-02-7-1024x1024.jpeg 1024w, https:\/\/kelioniukai.lt\/wp-content\/uploads\/2026\/02\/PREKES-02-7-768x768.jpeg 768w, https:\/\/kelioniukai.lt\/wp-content\/uploads\/2026\/02\/PREKES-02-7-480x480.jpeg 480w, https:\/\/kelioniukai.lt\/wp-content\/uploads\/2026\/02\/PREKES-02-7-80x80.jpeg 80w, https:\/\/kelioniukai.lt\/wp-content\/uploads\/2026\/02\/PREKES-02-7.jpeg 1200w\" sizes=\"auto, (max-width: 160px) 100vw, 160px\"><\/div>\n\t\t\t\t\t<div class=\"wc-block-grid__product-title\">Anker Nano Power Bank<\/div>\n\t\t\t\t<\/a>\n\t\t\t\t<div class=\"wc-block-grid__product-price price\"><span class=\"woocommerce-Price-amount amount\">24,00<span class=\"woocommerce-Price-currencySymbol\">\u20ac<\/span><\/span><\/div>\n\t\t\t\t\n\t\t\t\t<div class=\"wp-block-button wc-block-grid__product-add-to-cart\"><a href=\"\/en\/wp-json\/wp\/v2\/pages\/48?add-to-cart=28076\" aria-label=\"Add to cart: \u201cAnker Nano Power Bank\u201d\" data-quantity=\"1\" data-product_id=\"28076\" data-product_sku=\"ANK\" data-price=\"24\" rel=\"nofollow\" class=\"wp-block-button__link  add_to_cart_button ajax_add_to_cart\">Add to cart<\/a><\/div><div class=\"tinv-wraper woocommerce tinv-wishlist tinvwl-after-add-to-cart tinvwl-loop-button-wrapper tinvwl-woocommerce_blocks_product_grid_item_html\" data-tinvwl_product_id=\"28076\">\r\n\t<div class=\"tinv-wishlist-clear\"><\/div><a role=\"button\" tabindex=\"0\" name=\"prideti-prie-dominanciu\" aria-label=\"Prid\u0117ti prie dominan\u010di\u0173\" class=\"tinvwl_add_to_wishlist_button tinvwl-icon-heart  tinvwl-position-after tinvwl-loop\" data-tinv-wl-list=\"[]\" data-tinv-wl-product=\"28076\" data-tinv-wl-productvariation=\"0\" data-tinv-wl-productvariations=\"[]\" data-tinv-wl-producttype=\"simple\" data-tinv-wl-action=\"add\"><span class=\"tinvwl_add_to_wishlist-text\">Prid\u0117ti prie dominan\u010di\u0173<\/span><\/a><div class=\"tinv-wishlist-clear\"><\/div>\t\t<div class=\"tinvwl-tooltip\">Prid\u0117ti prie dominan\u010di\u0173<\/div>\r\n<\/div>\n\t\t\t<\/li><li class=\"wc-block-grid__product\">\n\t\t\t\t<a href=\"https:\/\/kelioniukai.lt\/en\/parduotuve\/universali-kosmetine-kelionems\/\" class=\"wc-block-grid__product-link\">\n\t\t\t\t\t\n\t\t\t\t\t<div class=\"wc-block-grid__product-image\"><img decoding=\"async\" width=\"160\" height=\"160\" src=\"https:\/\/kelioniukai.lt\/wp-content\/uploads\/2019\/01\/PREKES-02-8-160x160.jpeg\" loading=\"lazy\" class=\"attachment-woocommerce_thumbnail size-woocommerce_thumbnail\" alt=\"universali paminstinta kosmetine-deklas kelionems\" srcset=\"https:\/\/kelioniukai.lt\/wp-content\/uploads\/2019\/01\/PREKES-02-8-160x160.jpeg 160w, https:\/\/kelioniukai.lt\/wp-content\/uploads\/2019\/01\/PREKES-02-8-300x300.jpeg 300w, https:\/\/kelioniukai.lt\/wp-content\/uploads\/2019\/01\/PREKES-02-8-480x480.jpeg 480w, https:\/\/kelioniukai.lt\/wp-content\/uploads\/2019\/01\/PREKES-02-8-80x80.jpeg 80w, https:\/\/kelioniukai.lt\/wp-content\/uploads\/2019\/01\/PREKES-02-8.jpeg 600w\" sizes=\"auto, (max-width: 160px) 100vw, 160px\"><\/div>\n\t\t\t\t\t<div class=\"wc-block-grid__product-title\">Ultralight Padded Organizer<\/div>\n\t\t\t\t<\/a>\n\t\t\t\t<div class=\"wc-block-grid__product-price price\"><span class=\"woocommerce-Price-amount amount\">32,00<span class=\"woocommerce-Price-currencySymbol\">\u20ac<\/span><\/span><\/div>\n\t\t\t\t\n\t\t\t\t<div class=\"wp-block-button wc-block-grid__product-add-to-cart\"><a href=\"\/en\/wp-json\/wp\/v2\/pages\/48?add-to-cart=3340\" aria-label=\"Add to cart: \u201cUltralight Padded Organizer\u201d\" data-quantity=\"1\" data-product_id=\"3340\" data-product_sku=\"UPW\" data-price=\"32\" rel=\"nofollow\" class=\"wp-block-button__link  add_to_cart_button ajax_add_to_cart\">Add to cart<\/a><\/div><div class=\"tinv-wraper woocommerce tinv-wishlist tinvwl-after-add-to-cart tinvwl-loop-button-wrapper tinvwl-woocommerce_blocks_product_grid_item_html\" data-tinvwl_product_id=\"3340\">\r\n\t<div class=\"tinv-wishlist-clear\"><\/div><a role=\"button\" tabindex=\"0\" name=\"prideti-prie-dominanciu\" aria-label=\"Prid\u0117ti prie dominan\u010di\u0173\" class=\"tinvwl_add_to_wishlist_button tinvwl-icon-heart  tinvwl-position-after tinvwl-loop\" data-tinv-wl-list=\"[]\" data-tinv-wl-product=\"3340\" data-tinv-wl-productvariation=\"0\" data-tinv-wl-productvariations=\"[]\" data-tinv-wl-producttype=\"simple\" data-tinv-wl-action=\"add\"><span class=\"tinvwl_add_to_wishlist-text\">Prid\u0117ti prie dominan\u010di\u0173<\/span><\/a><div class=\"tinv-wishlist-clear\"><\/div>\t\t<div class=\"tinvwl-tooltip\">Prid\u0117ti prie dominan\u010di\u0173<\/div>\r\n<\/div>\n\t\t\t<\/li><\/ul><\/div>\r\n\r\n<div class=\"wp-block-group\"><div class=\"wp-block-group__inner-container\">\r\n<h2 class=\"wp-block-heading\">Best Sellers<\/h2>\r\n\r\n\r\n<div data-block-name=\"woocommerce\/product-best-sellers\" data-columns=\"5\" data-content-visibility=\"{&quot;title&quot;:true,&quot;price&quot;:true,&quot;rating&quot;:true,&quot;button&quot;:false}\" data-rows=\"1\" class=\"wc-block-grid wp-block-product-best-sellers wp-block-woocommerce-product-best-sellers wc-block-product-best-sellers has-5-columns\"><ul class=\"wc-block-grid__products\"><li class=\"wc-block-grid__product\">\n\t\t\t\t<a href=\"https:\/\/kelioniukai.lt\/en\/parduotuve\/maiseliai-skysciams-vezti\/\" class=\"wc-block-grid__product-link\">\n\t\t\t\t\t\n\t\t\t\t\t<div class=\"wc-block-grid__product-image\"><img decoding=\"async\" width=\"160\" height=\"160\" src=\"https:\/\/kelioniukai.lt\/wp-content\/uploads\/2018\/10\/maiseliai-skysciams-snow-160x160.jpg\" loading=\"lazy\" class=\"attachment-woocommerce_thumbnail size-woocommerce_thumbnail\" alt=\"maiseliai skysciams vezti kelioniukai\" srcset=\"https:\/\/kelioniukai.lt\/wp-content\/uploads\/2018\/10\/maiseliai-skysciams-snow-160x160.jpg 160w, https:\/\/kelioniukai.lt\/wp-content\/uploads\/2018\/10\/maiseliai-skysciams-snow-80x80.jpg 80w, https:\/\/kelioniukai.lt\/wp-content\/uploads\/2018\/10\/maiseliai-skysciams-snow-480x480.jpg 480w, https:\/\/kelioniukai.lt\/wp-content\/uploads\/2018\/10\/maiseliai-skysciams-snow-200x200.jpg 200w, https:\/\/kelioniukai.lt\/wp-content\/uploads\/2018\/10\/maiseliai-skysciams-snow-300x300.jpg 300w, https:\/\/kelioniukai.lt\/wp-content\/uploads\/2018\/10\/maiseliai-skysciams-snow-380x380.jpg 380w, https:\/\/kelioniukai.lt\/wp-content\/uploads\/2018\/10\/maiseliai-skysciams-snow.jpg 600w\" sizes=\"auto, (max-width: 160px) 100vw, 160px\"><\/div>\n\t\t\t\t\t<div class=\"wc-block-grid__product-title\">Airport liquid Bags<\/div>\n\t\t\t\t<\/a>\n\t\t\t\t<div class=\"wc-block-grid__product-price price\"><del aria-hidden=\"true\"><span class=\"woocommerce-Price-amount amount\">3,52<span class=\"woocommerce-Price-currencySymbol\">\u20ac<\/span><\/span><\/del> <span class=\"screen-reader-text\">Original price was: 3,52\u20ac.<\/span><ins aria-hidden=\"true\"><span class=\"woocommerce-Price-amount amount\">2,90<span class=\"woocommerce-Price-currencySymbol\">\u20ac<\/span><\/span><\/ins><span class=\"screen-reader-text\">Current price is: 2,90\u20ac.<\/span><\/div>\n\t\t\t\t<div class=\"wc-block-grid__product-rating\"><div class=\"star-rating\" role=\"img\" aria-label=\"Rated 4.90 out of 5\"><span style=\"width:98%\">Rated <strong class=\"rating\">4.90<\/strong> out of 5 based on <span class=\"rating\">39<\/span> customer ratings<\/span><\/div><\/div>\n\t\t\t\t\n\t\t\t<\/li><li class=\"wc-block-grid__product\">\n\t\t\t\t<a href=\"https:\/\/kelioniukai.lt\/en\/parduotuve\/kelioniniai-buteliukai-skysciams\/\" class=\"wc-block-grid__product-link\">\n\t\t\t\t\t\n\t\t\t\t\t<div class=\"wc-block-grid__product-image\"><img decoding=\"async\" width=\"160\" height=\"160\" src=\"https:\/\/kelioniukai.lt\/wp-content\/uploads\/2016\/06\/kelioninis-buteliukas-160x160.jpg\" loading=\"lazy\" class=\"attachment-woocommerce_thumbnail size-woocommerce_thumbnail\" alt=\"kelioniniai buteliukai\" srcset=\"https:\/\/kelioniukai.lt\/wp-content\/uploads\/2016\/06\/kelioninis-buteliukas-160x160.jpg 160w, https:\/\/kelioniukai.lt\/wp-content\/uploads\/2016\/06\/kelioninis-buteliukas-80x80.jpg 80w, https:\/\/kelioniukai.lt\/wp-content\/uploads\/2016\/06\/kelioninis-buteliukas-480x480.jpg 480w, https:\/\/kelioniukai.lt\/wp-content\/uploads\/2016\/06\/kelioninis-buteliukas-200x200.jpg 200w, https:\/\/kelioniukai.lt\/wp-content\/uploads\/2016\/06\/kelioninis-buteliukas-300x300.jpg 300w, https:\/\/kelioniukai.lt\/wp-content\/uploads\/2016\/06\/kelioninis-buteliukas-380x380.jpg 380w, https:\/\/kelioniukai.lt\/wp-content\/uploads\/2016\/06\/kelioninis-buteliukas.jpg 600w\" sizes=\"auto, (max-width: 160px) 100vw, 160px\"><\/div>\n\t\t\t\t\t<div class=\"wc-block-grid__product-title\">Travel bottles 89 ml<\/div>\n\t\t\t\t<\/a>\n\t\t\t\t<div class=\"wc-block-grid__product-price price\"><span class=\"woocommerce-Price-amount amount\">3,80<span class=\"woocommerce-Price-currencySymbol\">\u20ac<\/span><\/span><\/div>\n\t\t\t\t<div class=\"wc-block-grid__product-rating\"><div class=\"star-rating\" role=\"img\" aria-label=\"Rated 5.00 out of 5\"><span style=\"width:100%\">Rated <strong class=\"rating\">5.00<\/strong> out of 5 based on <span class=\"rating\">9<\/span> customer ratings<\/span><\/div><\/div>\n\t\t\t\t\n\t\t\t<\/li><li class=\"wc-block-grid__product\">\n\t\t\t\t<a href=\"https:\/\/kelioniukai.lt\/en\/parduotuve\/maisas-drabuziams-laikyti\/\" class=\"wc-block-grid__product-link\">\n\t\t\t\t\t\n\t\t\t\t\t<div class=\"wc-block-grid__product-image\"><img decoding=\"async\" width=\"160\" height=\"160\" src=\"https:\/\/kelioniukai.lt\/wp-content\/uploads\/2019\/08\/Maisas-drabuziams-sezoninis-160x160.jpg\" loading=\"lazy\" class=\"attachment-woocommerce_thumbnail size-woocommerce_thumbnail\" alt=\"Maisas drabuziams laikyti\" srcset=\"https:\/\/kelioniukai.lt\/wp-content\/uploads\/2019\/08\/Maisas-drabuziams-sezoninis-160x160.jpg 160w, https:\/\/kelioniukai.lt\/wp-content\/uploads\/2019\/08\/Maisas-drabuziams-sezoninis-80x80.jpg 80w, https:\/\/kelioniukai.lt\/wp-content\/uploads\/2019\/08\/Maisas-drabuziams-sezoninis-480x480.jpg 480w, https:\/\/kelioniukai.lt\/wp-content\/uploads\/2019\/08\/Maisas-drabuziams-sezoninis-200x200.jpg 200w, https:\/\/kelioniukai.lt\/wp-content\/uploads\/2019\/08\/Maisas-drabuziams-sezoninis-300x300.jpg 300w, https:\/\/kelioniukai.lt\/wp-content\/uploads\/2019\/08\/Maisas-drabuziams-sezoninis-380x380.jpg 380w, https:\/\/kelioniukai.lt\/wp-content\/uploads\/2019\/08\/Maisas-drabuziams-sezoninis.jpg 600w\" sizes=\"auto, (max-width: 160px) 100vw, 160px\"><\/div>\n\t\t\t\t\t<div class=\"wc-block-grid__product-title\">Dress storage case<\/div>\n\t\t\t\t<\/a>\n\t\t\t\t<div class=\"wc-block-grid__product-price price\"><span class=\"woocommerce-Price-amount amount\" aria-hidden=\"true\">1,60<span class=\"woocommerce-Price-currencySymbol\">\u20ac<\/span><\/span> <span aria-hidden=\"true\">\u2013<\/span> <span class=\"woocommerce-Price-amount amount\" aria-hidden=\"true\">3,80<span class=\"woocommerce-Price-currencySymbol\">\u20ac<\/span><\/span><span class=\"screen-reader-text\">Price range: 1,60\u20ac through 3,80\u20ac<\/span><\/div>\n\t\t\t\t<div class=\"wc-block-grid__product-rating\"><div class=\"star-rating\" role=\"img\" aria-label=\"Rated 5.00 out of 5\"><span style=\"width:100%\">Rated <strong class=\"rating\">5.00<\/strong> out of 5 based on <span class=\"rating\">5<\/span> customer ratings<\/span><\/div><\/div>\n\t\t\t\t\n\t\t\t<\/li><li class=\"wc-block-grid__product\">\n\t\t\t\t<a href=\"https:\/\/kelioniukai.lt\/en\/parduotuve\/vaistams-sudeti-dezute\/\" class=\"wc-block-grid__product-link\">\n\t\t\t\t\t\n\t\t\t\t\t<div class=\"wc-block-grid__product-image\"><img decoding=\"async\" width=\"160\" height=\"160\" src=\"https:\/\/kelioniukai.lt\/wp-content\/uploads\/2017\/01\/Dezute-smulkmenoms-160x160.jpeg\" loading=\"lazy\" class=\"attachment-woocommerce_thumbnail size-woocommerce_thumbnail\" alt=\"Dezute smulkmenoms, vaistams\" srcset=\"https:\/\/kelioniukai.lt\/wp-content\/uploads\/2017\/01\/Dezute-smulkmenoms-160x160.jpeg 160w, https:\/\/kelioniukai.lt\/wp-content\/uploads\/2017\/01\/Dezute-smulkmenoms-300x300.jpeg 300w, https:\/\/kelioniukai.lt\/wp-content\/uploads\/2017\/01\/Dezute-smulkmenoms-1024x1024.jpeg 1024w, https:\/\/kelioniukai.lt\/wp-content\/uploads\/2017\/01\/Dezute-smulkmenoms-768x768.jpeg 768w, https:\/\/kelioniukai.lt\/wp-content\/uploads\/2017\/01\/Dezute-smulkmenoms-480x480.jpeg 480w, https:\/\/kelioniukai.lt\/wp-content\/uploads\/2017\/01\/Dezute-smulkmenoms-80x80.jpeg 80w, https:\/\/kelioniukai.lt\/wp-content\/uploads\/2017\/01\/Dezute-smulkmenoms.jpeg 1200w\" sizes=\"auto, (max-width: 160px) 100vw, 160px\"><\/div>\n\t\t\t\t\t<div class=\"wc-block-grid__product-title\">Travel Pill Box<\/div>\n\t\t\t\t<\/a>\n\t\t\t\t<div class=\"wc-block-grid__product-price price\"><span class=\"woocommerce-Price-amount amount\" aria-hidden=\"true\">3,65<span class=\"woocommerce-Price-currencySymbol\">\u20ac<\/span><\/span> <span aria-hidden=\"true\">\u2013<\/span> <span class=\"woocommerce-Price-amount amount\" aria-hidden=\"true\">3,80<span class=\"woocommerce-Price-currencySymbol\">\u20ac<\/span><\/span><span class=\"screen-reader-text\">Price range: 3,65\u20ac through 3,80\u20ac<\/span><\/div>\n\t\t\t\t\n\t\t\t\t\n\t\t\t<\/li><li class=\"wc-block-grid__product\">\n\t\t\t\t<a href=\"https:\/\/kelioniukai.lt\/en\/parduotuve\/sedejimo-kilimelis\/\" class=\"wc-block-grid__product-link\">\n\t\t\t\t\t\n\t\t\t\t\t<div class=\"wc-block-grid__product-image\"><img decoding=\"async\" width=\"160\" height=\"160\" src=\"https:\/\/kelioniukai.lt\/wp-content\/uploads\/2021\/02\/Sedejimo-kilimelis-zalias-160x160.jpg\" loading=\"lazy\" class=\"attachment-woocommerce_thumbnail size-woocommerce_thumbnail\" alt=\"Sedejimo kilimelis\" srcset=\"https:\/\/kelioniukai.lt\/wp-content\/uploads\/2021\/02\/Sedejimo-kilimelis-zalias-160x160.jpg 160w, https:\/\/kelioniukai.lt\/wp-content\/uploads\/2021\/02\/Sedejimo-kilimelis-zalias-300x300.jpg 300w, https:\/\/kelioniukai.lt\/wp-content\/uploads\/2021\/02\/Sedejimo-kilimelis-zalias-480x480.jpg 480w, https:\/\/kelioniukai.lt\/wp-content\/uploads\/2021\/02\/Sedejimo-kilimelis-zalias-80x80.jpg 80w, https:\/\/kelioniukai.lt\/wp-content\/uploads\/2021\/02\/Sedejimo-kilimelis-zalias.jpg 600w\" sizes=\"auto, (max-width: 160px) 100vw, 160px\"><\/div>\n\t\t\t\t\t<div class=\"wc-block-grid__product-title\">Sitting Pad<\/div>\n\t\t\t\t<\/a>\n\t\t\t\t<div class=\"wc-block-grid__product-price price\"><span class=\"woocommerce-Price-amount amount\" aria-hidden=\"true\">3,50<span class=\"woocommerce-Price-currencySymbol\">\u20ac<\/span><\/span> <span aria-hidden=\"true\">\u2013<\/span> <span class=\"woocommerce-Price-amount amount\" aria-hidden=\"true\">3,80<span class=\"woocommerce-Price-currencySymbol\">\u20ac<\/span><\/span><span class=\"screen-reader-text\">Price range: 3,50\u20ac through 3,80\u20ac<\/span><\/div>\n\t\t\t\t<div class=\"wc-block-grid__product-rating\"><div class=\"star-rating\" role=\"img\" aria-label=\"Rated 5.00 out of 5\"><span style=\"width:100%\">Rated <strong class=\"rating\">5.00<\/strong> out of 5 based on <span class=\"rating\">2<\/span> customer ratings<\/span><\/div><\/div>\n\t\t\t\t\n\t\t\t<\/li><\/ul><\/div>","protected":false},"excerpt":{"rendered":"<p>News Best Sellers<\/p>\n","protected":false},"author":3,"featured_media":25070,"parent":0,"menu_order":2,"comment_status":"closed","ping_status":"closed","template":"templates\/template-home-page.php","meta":{"googlesitekit_rrm_CAowmbu7DA:productID":"","footnotes":""},"class_list":["post-48","page","type-page","status-publish","has-post-thumbnail","hentry"],"_links":{"self":[{"href":"https:\/\/kelioniukai.lt\/en\/wp-json\/wp\/v2\/pages\/48","targetHints":{"allow":["GET"]}}],"collection":[{"href":"https:\/\/kelioniukai.lt\/en\/wp-json\/wp\/v2\/pages"}],"about":[{"href":"https:\/\/kelioniukai.lt\/en\/wp-json\/wp\/v2\/types\/page"}],"author":[{"embeddable":true,"href":"https:\/\/kelioniukai.lt\/en\/wp-json\/wp\/v2\/users\/3"}],"replies":[{"embeddable":true,"href":"https:\/\/kelioniukai.lt\/en\/wp-json\/wp\/v2\/comments?post=48"}],"version-history":[{"count":0,"href":"https:\/\/kelioniukai.lt\/en\/wp-json\/wp\/v2\/pages\/48\/revisions"}],"wp:featuredmedia":[{"embeddable":true,"href":"https:\/\/kelioniukai.lt\/en\/wp-json\/wp\/v2\/media\/25070"}],"wp:attachment":[{"href":"https:\/\/kelioniukai.lt\/en\/wp-json\/wp\/v2\/media?parent=48"}],"curies":[{"name":"wp","href":"https:\/\/api.w.org\/{rel}","templated":true}]}}